{"id":6608,"date":"2026-02-21T09:25:16","date_gmt":"2026-02-21T08:25:16","guid":{"rendered":"https:\/\/skillshot.sfdbeta.be\/privacidad\/"},"modified":"2026-02-21T09:25:18","modified_gmt":"2026-02-21T08:25:18","slug":"privacidad","status":"publish","type":"page","link":"https:\/\/www.skillshot.eu\/es\/privacidad\/","title":{"rendered":"Privacidad"},"content":{"rendered":"&#13;\n<h2 class=\"wp-block-heading\">\u00bfQui\u00e9nes somos?<\/h2>&#13;\n&#13;\n<p><strong class=\"privacy-policy-tutorial\">Texto sugerido: <\/strong>La direcci\u00f3n de nuestro sitio es: https:\/\/skillshot.eu.<\/p>&#13;\n&#13;\n<h2 class=\"wp-block-heading\">Comentarios<\/h2>&#13;\n&#13;\n<p><strong class=\"privacy-policy-tutorial\">Texto sugerido: <\/strong>Cuando deja un comentario en nuestro sitio, los datos introducidos en el formulario de comentario, as\u00ed como su direcci\u00f3n IP y el agente de usuario de su navegador se recopilan para ayudarnos en la detecci\u00f3n de comentarios no deseados.<\/p>&#13;\n&#13;\n<p>Una cadena anonimizada creada a partir de su direcci\u00f3n de correo electr\u00f3nico (tambi\u00e9n llamada hash) puede ser enviada al servicio Gravatar para verificar si lo utiliza. Las cl\u00e1usulas de privacidad del servicio Gravatar est\u00e1n disponibles aqu\u00ed: https:\/\/automattic.com\/privacy\/. Tras la validaci\u00f3n de su comentario, su foto de perfil ser\u00e1 visible p\u00fablicamente junto a su comentario. <\/p>&#13;\n&#13;\n<h2 class=\"wp-block-heading\">Medios<\/h2>&#13;\n&#13;\n<p><strong class=\"privacy-policy-tutorial\">Texto sugerido: <\/strong>Si sube im\u00e1genes al sitio, le aconsejamos que evite subir im\u00e1genes que contengan datos EXIF de coordenadas GPS. Las personas que visiten su sitio pueden descargar y extraer datos de ubicaci\u00f3n de estas im\u00e1genes. <\/p>&#13;\n&#13;\n<h2 class=\"wp-block-heading\">Cookies<\/h2>&#13;\n&#13;\n<p><strong class=\"privacy-policy-tutorial\">Texto sugerido: <\/strong>Si deja un comentario en nuestro sitio, se le ofrecer\u00e1 guardar su nombre, direcci\u00f3n de correo electr\u00f3nico y sitio en cookies. Esto es solo para su comodidad, para no tener que introducir esta informaci\u00f3n si deja otro comentario m\u00e1s tarde. Estas cookies caducan al cabo de un a\u00f1o.  <\/p>&#13;\n&#13;\n<p>Si visita la p\u00e1gina de inicio de sesi\u00f3n, se crear\u00e1 una cookie temporal para determinar si su navegador acepta las cookies. No contiene datos personales y se eliminar\u00e1 autom\u00e1ticamente al cerrar su navegador. <\/p>&#13;\n&#13;\n<p>Cuando inicie sesi\u00f3n, configuraremos una serie de cookies para guardar su informaci\u00f3n de inicio de sesi\u00f3n y sus preferencias de pantalla. La duraci\u00f3n de una cookie de inicio de sesi\u00f3n es de dos d\u00edas, la de una cookie de opci\u00f3n de pantalla es de un a\u00f1o. Si marca \u00abRecordarme\u00bb, su cookie de inicio de sesi\u00f3n se conservar\u00e1 durante dos semanas. Si cierra la sesi\u00f3n de su cuenta, la cookie de inicio de sesi\u00f3n se borrar\u00e1.   <\/p>&#13;\n&#13;\n<p>Al modificar o publicar una entrada, se guardar\u00e1 una cookie adicional en su navegador. Esta cookie no incluye ning\u00fan dato personal. Simplemente indica el ID de la entrada que acaba de modificar. Caduca al cabo de un d\u00eda.   <\/p>&#13;\n&#13;\n<h2 class=\"wp-block-heading\">Contenido incrustado de otros sitios<\/h2>&#13;\n&#13;\n<p><strong class=\"privacy-policy-tutorial\">Texto sugerido: <\/strong>Los art\u00edculos de este sitio pueden incluir contenido incrustado (por ejemplo, v\u00eddeos, im\u00e1genes, art\u00edculos\u2026). El contenido incrustado de otros sitios se comporta de la misma manera que si el visitante se dirigiera a ese otro sitio. <\/p>&#13;\n&#13;\n<p>Estos sitios web podr\u00edan recopilar datos sobre usted, utilizar cookies, incrustar herramientas de seguimiento de terceros, seguir sus interacciones con estos contenidos incrustados si tiene una cuenta conectada en su sitio web.<\/p>&#13;\n&#13;\n<h2 class=\"wp-block-heading\">Uso y transmisi\u00f3n de sus datos personales<\/h2>&#13;\n&#13;\n<p><strong class=\"privacy-policy-tutorial\">Texto sugerido: <\/strong>Si solicita un restablecimiento de su contrase\u00f1a, su direcci\u00f3n IP se incluir\u00e1 en el correo electr\u00f3nico de restablecimiento.<\/p>&#13;\n&#13;\n<h2 class=\"wp-block-heading\">Per\u00edodos de almacenamiento de sus datos<\/h2>&#13;\n&#13;\n<p><strong class=\"privacy-policy-tutorial\">Texto sugerido: <\/strong>Si deja un comentario, el comentario y sus metadatos se conservan indefinidamente. Esto permite reconocer y aprobar autom\u00e1ticamente los comentarios siguientes en lugar de dejarlos en la cola de moderaci\u00f3n. <\/p>&#13;\n&#13;\n<p>Para las cuentas que se registran en nuestro sitio (si corresponde), tambi\u00e9n almacenamos los datos personales indicados en su perfil. Todas las cuentas pueden ver, modificar o eliminar su informaci\u00f3n personal en cualquier momento (a excepci\u00f3n de su identificador). Los administradores del sitio tambi\u00e9n pueden ver y modificar esta informaci\u00f3n.  <\/p>&#13;\n&#13;\n<h2 class=\"wp-block-heading\">Los derechos que tiene sobre sus datos<\/h2>&#13;\n&#13;\n<p><strong class=\"privacy-policy-tutorial\">Texto sugerido: <\/strong>Si tiene una cuenta o ha dejado comentarios en el sitio, puede solicitar recibir un archivo que contenga todos los datos personales que tenemos sobre usted, incluidos los que nos ha proporcionado. Tambi\u00e9n puede solicitar la eliminaci\u00f3n de los datos personales que le conciernen. Esto no incluye los datos almacenados con fines administrativos, legales o por razones de seguridad.  <\/p>&#13;\n&#13;\n<h2 class=\"wp-block-heading\">D\u00f3nde se env\u00edan sus datos<\/h2>&#13;\n&#13;\n<p><strong class=\"privacy-policy-tutorial\">Texto sugerido: <\/strong>Los comentarios de los visitantes pueden ser verificados mediante un servicio automatizado de detecci\u00f3n de comentarios no deseados.<\/p>&#13;\n<p>&nbsp;<\/p>\n","protected":false},"excerpt":{"rendered":"<p>&#13; \u00bfQui\u00e9nes somos? &#13; &#13; Texto sugerido: La direcci\u00f3n de nuestro sitio es: https:\/\/skillshot.eu. &#13; &#13; Comentarios &#13; &#13; Texto sugerido: Cuando deja un comentario en nuestro sitio, los datos introducidos en el formulario de comentario, as\u00ed como su direcci\u00f3n IP y el agente de usuario de su navegador se recopilan para ayudarnos en la [&hellip;]<\/p>\n","protected":false},"author":1,"featured_media":0,"parent":0,"menu_order":0,"comment_status":"closed","ping_status":"closed","template":"templates\/template-default.php","meta":{"_acf_changed":false,"footnotes":""},"class_list":["post-6608","page","type-page","status-publish","hentry"],"acf":[],"_links":{"self":[{"href":"https:\/\/www.skillshot.eu\/es\/wp-json\/wp\/v2\/pages\/6608","targetHints":{"allow":["GET"]}}],"collection":[{"href":"https:\/\/www.skillshot.eu\/es\/wp-json\/wp\/v2\/pages"}],"about":[{"href":"https:\/\/www.skillshot.eu\/es\/wp-json\/wp\/v2\/types\/page"}],"author":[{"embeddable":true,"href":"https:\/\/www.skillshot.eu\/es\/wp-json\/wp\/v2\/users\/1"}],"replies":[{"embeddable":true,"href":"https:\/\/www.skillshot.eu\/es\/wp-json\/wp\/v2\/comments?post=6608"}],"version-history":[{"count":0,"href":"https:\/\/www.skillshot.eu\/es\/wp-json\/wp\/v2\/pages\/6608\/revisions"}],"wp:attachment":[{"href":"https:\/\/www.skillshot.eu\/es\/wp-json\/wp\/v2\/media?parent=6608"}],"curies":[{"name":"wp","href":"https:\/\/api.w.org\/{rel}","templated":true}]}}