{"id":6566,"date":"2026-02-21T09:24:41","date_gmt":"2026-02-21T08:24:41","guid":{"rendered":"https:\/\/skillshot.sfdbeta.be\/datenschutz\/"},"modified":"2026-02-21T09:24:42","modified_gmt":"2026-02-21T08:24:42","slug":"datenschutz","status":"publish","type":"page","link":"https:\/\/www.skillshot.eu\/de\/datenschutz\/","title":{"rendered":"Datenschutz"},"content":{"rendered":"&#13;\n<h2 class=\"wp-block-heading\">Wer sind wir?<\/h2>&#13;\n&#13;\n<p><strong class=\"privacy-policy-tutorial\">Vorgeschlagener Text: <\/strong>Die Adresse unserer Website ist: https:\/\/skillshot.eu.<\/p>&#13;\n&#13;\n<h2 class=\"wp-block-heading\">Kommentare<\/h2>&#13;\n&#13;\n<p><strong class=\"privacy-policy-tutorial\">Vorgeschlagener Text: <\/strong>Wenn Sie einen Kommentar auf unserer Website hinterlassen, werden die im Kommentarformular eingegebenen Daten sowie Ihre IP-Adresse und der User-Agent Ihres Browsers erfasst, um uns bei der Erkennung von unerw\u00fcnschten Kommentaren zu unterst\u00fctzen.<\/p>&#13;\n&#13;\n<p>Eine anonymisierte Zeichenfolge, die aus Ihrer E-Mail-Adresse erstellt wurde (auch Hash genannt), kann an den Gravatar-Dienst gesendet werden, um zu pr\u00fcfen, ob Sie diesen verwenden. Die Datenschutzbestimmungen des Gravatar-Dienstes finden Sie hier: https:\/\/automattic.com\/privacy\/. Nach der Freigabe Ihres Kommentars ist Ihr Profilbild \u00f6ffentlich neben Ihrem Kommentar sichtbar. <\/p>&#13;\n&#13;\n<h2 class=\"wp-block-heading\">Medien<\/h2>&#13;\n&#13;\n<p><strong class=\"privacy-policy-tutorial\">Vorgeschlagener Text: <\/strong>Wenn Sie Bilder auf die Website hochladen, empfehlen wir Ihnen, das Hochladen von Bildern zu vermeiden, die EXIF-Daten mit GPS-Koordinaten enthalten. Personen, die Ihre Website besuchen, k\u00f6nnen diese Bilder herunterladen und Standortdaten daraus extrahieren. <\/p>&#13;\n&#13;\n<h2 class=\"wp-block-heading\">Cookies<\/h2>&#13;\n&#13;\n<p><strong class=\"privacy-policy-tutorial\">Vorgeschlagener Text: <\/strong>Wenn Sie einen Kommentar auf unserer Website hinterlassen, wird Ihnen vorgeschlagen, Ihren Namen, Ihre E-Mail-Adresse und Ihre Website in Cookies zu speichern. Dies dient ausschlie\u00dflich Ihrem Komfort, damit Sie diese Informationen nicht erneut eingeben m\u00fcssen, wenn Sie sp\u00e4ter einen weiteren Kommentar hinterlassen. Diese Cookies verfallen nach einem Jahr.  <\/p>&#13;\n&#13;\n<p>Wenn Sie die Anmeldeseite besuchen, wird ein tempor\u00e4res Cookie erstellt, um festzustellen, ob Ihr Browser Cookies akzeptiert. Es enth\u00e4lt keine personenbezogenen Daten und wird automatisch gel\u00f6scht, sobald Sie Ihren Browser schlie\u00dfen. <\/p>&#13;\n&#13;\n<p>Wenn Sie sich anmelden, richten wir eine Reihe von Cookies ein, um Ihre Anmeldeinformationen und Ihre Anzeigeeinstellungen zu speichern. Die Lebensdauer eines Anmelde-Cookies betr\u00e4gt zwei Tage, die eines Cookies f\u00fcr Anzeigeoptionen ein Jahr. Wenn Sie \u201eAngemeldet bleiben\u201c ausw\u00e4hlen, wird Ihr Anmelde-Cookie zwei Wochen lang gespeichert. Wenn Sie sich von Ihrem Konto abmelden, wird das Anmelde-Cookie gel\u00f6scht.   <\/p>&#13;\n&#13;\n<p>Wenn Sie einen Beitrag bearbeiten oder ver\u00f6ffentlichen, wird ein zus\u00e4tzliches Cookie in Ihrem Browser gespeichert. Dieses Cookie enth\u00e4lt keine personenbezogenen Daten. Es zeigt lediglich die ID des Beitrags an, den Sie gerade bearbeitet haben. Es verf\u00e4llt nach einem Tag.   <\/p>&#13;\n&#13;\n<h2 class=\"wp-block-heading\">Eingebettete Inhalte von anderen Websites<\/h2>&#13;\n&#13;\n<p><strong class=\"privacy-policy-tutorial\">Vorgeschlagener Text: <\/strong>Beitr\u00e4ge auf dieser Website k\u00f6nnen eingebettete Inhalte enthalten (z. B. Videos, Bilder, Beitr\u00e4ge \u2026). Eingebettete Inhalte von anderen Websites verhalten sich so, als w\u00fcrde der Besucher diese andere Website besuchen. <\/p>&#13;\n&#13;\n<p>Diese Websites k\u00f6nnten Daten \u00fcber Sie sammeln, Cookies verwenden, Tracking-Tools von Drittanbietern einbetten und Ihre Interaktionen mit diesen eingebetteten Inhalten verfolgen, wenn Sie \u00fcber ein Konto verf\u00fcgen und auf deren Website angemeldet sind.<\/p>&#13;\n&#13;\n<h2 class=\"wp-block-heading\">Nutzung und Weitergabe Ihrer personenbezogenen Daten<\/h2>&#13;\n&#13;\n<p><strong class=\"privacy-policy-tutorial\">Vorgeschlagener Text: <\/strong>Wenn Sie eine Zur\u00fccksetzung Ihres Passworts anfordern, wird Ihre IP-Adresse in der E-Mail zur Zur\u00fccksetzung enthalten sein.<\/p>&#13;\n&#13;\n<h2 class=\"wp-block-heading\">Speicherdauer Ihrer Daten<\/h2>&#13;\n&#13;\n<p><strong class=\"privacy-policy-tutorial\">Vorgeschlagener Text: <\/strong>Wenn Sie einen Kommentar hinterlassen, werden der Kommentar und seine Metadaten zeitlich unbegrenzt gespeichert. Dies erm\u00f6glicht es, Folgekommentare automatisch zu erkennen und freizugeben, anstatt sie in der Moderationswarteschlange zu belassen. <\/p>&#13;\n&#13;\n<p>F\u00fcr Konten, die sich auf unserer Website registrieren (falls zutreffend), speichern wir au\u00dferdem die in ihrem Profil angegebenen personenbezogenen Daten. Alle Konten k\u00f6nnen ihre personenbezogenen Informationen jederzeit einsehen, bearbeiten oder l\u00f6schen (mit Ausnahme ihres Benutzernamens). Die Administratoren der Website k\u00f6nnen diese Informationen ebenfalls einsehen und bearbeiten.  <\/p>&#13;\n&#13;\n<h2 class=\"wp-block-heading\">Ihre Rechte in Bezug auf Ihre Daten<\/h2>&#13;\n&#13;\n<p><strong class=\"privacy-policy-tutorial\">Vorgeschlagener Text: <\/strong>Wenn Sie ein Konto haben oder Kommentare auf der Website hinterlassen haben, k\u00f6nnen Sie anfordern, eine Datei mit allen personenbezogenen Daten zu erhalten, die wir \u00fcber Sie gespeichert haben, einschlie\u00dflich der Daten, die Sie uns bereitgestellt haben. Sie k\u00f6nnen au\u00dferdem die L\u00f6schung der Sie betreffenden personenbezogenen Daten verlangen. Dies umfasst nicht die Daten, die zu administrativen, rechtlichen oder sicherheitsrelevanten Zwecken gespeichert werden.  <\/p>&#13;\n&#13;\n<h2 class=\"wp-block-heading\">Wohin Ihre Daten gesendet werden<\/h2>&#13;\n&#13;\n<p><strong class=\"privacy-policy-tutorial\">Vorgeschlagener Text: <\/strong>Kommentare von Besuchern k\u00f6nnen mithilfe eines automatisierten Dienstes zur Erkennung von Spam-Kommentaren \u00fcberpr\u00fcft werden.<\/p>&#13;\n<p>&nbsp;<\/p>\n","protected":false},"excerpt":{"rendered":"<p>&#13; Wer sind wir? &#13; &#13; Vorgeschlagener Text: Die Adresse unserer Website ist: https:\/\/skillshot.eu. &#13; &#13; Kommentare &#13; &#13; Vorgeschlagener Text: Wenn Sie einen Kommentar auf unserer Website hinterlassen, werden die im Kommentarformular eingegebenen Daten sowie Ihre IP-Adresse und der User-Agent Ihres Browsers erfasst, um uns bei der Erkennung von unerw\u00fcnschten Kommentaren zu unterst\u00fctzen. &#13; [&hellip;]<\/p>\n","protected":false},"author":1,"featured_media":0,"parent":0,"menu_order":0,"comment_status":"closed","ping_status":"closed","template":"templates\/template-default.php","meta":{"_acf_changed":false,"footnotes":""},"class_list":["post-6566","page","type-page","status-publish","hentry"],"acf":[],"_links":{"self":[{"href":"https:\/\/www.skillshot.eu\/de\/wp-json\/wp\/v2\/pages\/6566","targetHints":{"allow":["GET"]}}],"collection":[{"href":"https:\/\/www.skillshot.eu\/de\/wp-json\/wp\/v2\/pages"}],"about":[{"href":"https:\/\/www.skillshot.eu\/de\/wp-json\/wp\/v2\/types\/page"}],"author":[{"embeddable":true,"href":"https:\/\/www.skillshot.eu\/de\/wp-json\/wp\/v2\/users\/1"}],"replies":[{"embeddable":true,"href":"https:\/\/www.skillshot.eu\/de\/wp-json\/wp\/v2\/comments?post=6566"}],"version-history":[{"count":0,"href":"https:\/\/www.skillshot.eu\/de\/wp-json\/wp\/v2\/pages\/6566\/revisions"}],"wp:attachment":[{"href":"https:\/\/www.skillshot.eu\/de\/wp-json\/wp\/v2\/media?parent=6566"}],"curies":[{"name":"wp","href":"https:\/\/api.w.org\/{rel}","templated":true}]}}